{"id":29,"date":"2017-08-04T14:08:53","date_gmt":"2017-08-04T12:08:53","guid":{"rendered":"http:\/\/www.photorevue.fr\/site\/?page_id=29"},"modified":"2019-04-10T00:30:46","modified_gmt":"2019-04-09T22:30:46","slug":"accueil","status":"publish","type":"page","link":"https:\/\/www.photorevue.fr\/site\/","title":{"rendered":""},"content":{"rendered":"<p><span style=\"color: #999999;\" data-offset-key=\"2g2i7-0-0\">PHOTO REVUE a le d\u00e9sir de vous pr\u00e9senter les \u0153uvres de photographes passionn\u00e9s. <\/span><\/p>\n<p><span style=\"color: #999999;\" data-offset-key=\"2g2i7-0-0\">Au fil des num\u00e9ros vous verrez des th\u00e8mes tr\u00e8s divers, des dossiers, des coups de c\u0153ur, des reportages, des photos d\u2019art, etc \u2026 <\/span><\/p>\n<p><span style=\"color: #999999;\" data-offset-key=\"2g2i7-0-0\">Nous esp\u00e9rons que vous aurez autant de plaisir \u00e0 regarder ces photos que nous en avons \u00e0 vous les proposer.<\/span><\/p>\n","protected":false},"excerpt":{"rendered":"<p>PHOTO REVUE a le d\u00e9sir de vous pr\u00e9senter les \u0153uvres de photographes passionn\u00e9s. Au fil des num\u00e9ros vous verrez des th\u00e8mes tr\u00e8s divers, des dossiers, des coups de c\u0153ur, des reportages, des photos d\u2019art, etc \u2026 Nous esp\u00e9rons que vous aurez autant de plaisir \u00e0 regarder ces photos que nous en avons \u00e0 vous les &hellip; <a href=\"https:\/\/www.photorevue.fr\/site\/\" class=\"more-link\">Continuer la lecture de <span class=\"screen-reader-text\"><\/span>  <span class=\"meta-nav\">&rarr;<\/span><\/a><\/p>\n","protected":false},"author":1,"featured_media":0,"parent":0,"menu_order":0,"comment_status":"closed","ping_status":"closed","template":"","meta":{"footnotes":""},"class_list":["post-29","page","type-page","status-publish","hentry"],"jetpack_sharing_enabled":true,"jetpack_shortlink":"https:\/\/wp.me\/P92EyP-t","_links":{"self":[{"href":"https:\/\/www.photorevue.fr\/site\/wp-json\/wp\/v2\/pages\/29","targetHints":{"allow":["GET"]}}],"collection":[{"href":"https:\/\/www.photorevue.fr\/site\/wp-json\/wp\/v2\/pages"}],"about":[{"href":"https:\/\/www.photorevue.fr\/site\/wp-json\/wp\/v2\/types\/page"}],"author":[{"embeddable":true,"href":"https:\/\/www.photorevue.fr\/site\/wp-json\/wp\/v2\/users\/1"}],"replies":[{"embeddable":true,"href":"https:\/\/www.photorevue.fr\/site\/wp-json\/wp\/v2\/comments?post=29"}],"version-history":[{"count":7,"href":"https:\/\/www.photorevue.fr\/site\/wp-json\/wp\/v2\/pages\/29\/revisions"}],"predecessor-version":[{"id":130,"href":"https:\/\/www.photorevue.fr\/site\/wp-json\/wp\/v2\/pages\/29\/revisions\/130"}],"wp:attachment":[{"href":"https:\/\/www.photorevue.fr\/site\/wp-json\/wp\/v2\/media?parent=29"}],"curies":[{"name":"wp","href":"https:\/\/api.w.org\/{rel}","templated":true}]}}